{"id":80,"date":"2026-03-01T10:10:22","date_gmt":"2026-03-01T10:10:22","guid":{"rendered":"https:\/\/swm-powersports.rs\/?page_id=80"},"modified":"2026-03-18T07:33:52","modified_gmt":"2026-03-18T07:33:52","slug":"vijesti","status":"publish","type":"page","link":"https:\/\/swm-powersports.rs\/bs\/vesti\/","title":{"rendered":"Vijesti"},"content":{"rendered":"<section class=\"bde-section-80-100 bde-section\">\n              \n  \n  \n\t\n\n  <div class=\"section-background-overlay\"><\/div>\n\n\n<div class=\"section-container\"><div class=\"bde-div-80-101 bde-div\">\n  \n  \n\t\n\n\n\n<h1 class=\"bde-dual-heading-80-102 bde-dual-heading\" data-entrance=\"slideUp\">\n\n\n            <span data-style=\"primary\" class=\"dual-heading--primary\">Vijesti iz svijeta Quadova<\/span>\n\n\n\n<\/h1>\n<\/div><\/div>\n<\/section><section class=\"bde-section-80-105 bde-section\">\n  \n  \n\t\n\n\n\n<div class=\"section-container\"><div class=\"bde-post-loop-80-106 bde-post-loop\"><div class=\"bde-loop bde-loop-grid ee-posts ee-posts-grid\">    <article class=\"bde-loop-item ee-post\">\n        <div class=\"bde-div-83-100-1-83-1 bde-div bde-div-83-100\" data-entrance=\"slideUp\">\n  \n  \n\t\n\n\n\n<img decoding=\"async\" class=\"bde-image2-83-101-1-83-1 bde-image2 bde-image2-83-101\" src=\"data:image\/svg+xml;charset=UTF-8,%3csvg xmlns=&#039;http:\/\/www.w3.org\/2000\/svg&#039; width=&#039;540&#039; height=&#039;540&#039; viewBox=&#039;0 0 140 140&#039;%3e%3cpath d=&#039;M0 0h140v140H0z&#039; fill=&#039;%23e5e7eb&#039;\/%3e%3cpath d=&#039;M88 82.46H51.8v-4.52l6.74-6.74a1.13 1.13 0 011.6 0l5.23 5.23 12.76-12.77a1.13 1.13 0 011.6 0L88 71.91z&#039; fill=&#039;%23e5e7eb&#039;\/%3e%3cpath d=&#039;M89.48 52.32H50.29a4.52 4.52 0 00-4.52 4.52V84a4.53 4.53 0 004.52 4.52h39.19A4.52 4.52 0 0094 84V56.84a4.52 4.52 0 00-4.52-4.52zm-33.16 5.27a5.28 5.28 0 11-5.27 5.28 5.27 5.27 0 015.27-5.28zM88 82.46H51.8v-4.52l6.74-6.74a1.13 1.13 0 011.6 0l5.23 5.23 12.76-12.77a1.13 1.13 0 011.6 0L88 71.91z&#039; fill=&#039;%23d1d5db&#039;\/%3e%3c\/svg%3e\" loading=\"lazy\"><div class=\"bde-div-83-105-1-83-1 bde-div bde-div-83-105\">\n  \n  \n\t\n\n\n\n<a class=\"bde-container-link-83-106-1-83-1 bde-container-link bde-container-link-83-106 breakdance-link\" href=\"https:\/\/swm-powersports.rs\/bs\/hello-world\/\" target=\"_self\" data-type=\"url\">\n  \n  \n\t\n\n\n\n<h2 class=\"bde-heading-83-102-1-83-1 bde-heading bde-heading-83-102\">\nZdravo svijete!\n<\/h2>\n\n<\/a><div class=\"bde-text-83-103-1-83-1 bde-text bde-text-83-103\">\n<p>Dobrodo\u0161li na WordPress. Ovo je va\u0161a prva objava. Uredite je ili je izbri\u0161ite, a zatim po\u010dnite pisati!<\/p>\n\n<\/div><div class=\"bde-button-83-104-1-83-1 bde-button bde-button-83-104\">\n    \n                                    \n    \n    \n    \n    \n            \n                    \n            \n            \n\n    \n    \n    \n    \n    \n    <a class=\"breakdance-link button-atom button-atom--primary bde-button__button\" href=\"https:\/\/swm-powersports.rs\/bs\/hello-world\/\" target=\"_self\" data-type=\"url\"  >\n\n    \n        <span class=\"button-atom__text\">Pro\u010ditajte vi\u0161e<\/span>\n\n        \n        \n                <\/a>\n\n    \n\n\n<\/div>\n<\/div>\n<\/div>    <\/article>\n<\/div>\r\n<\/div><\/div>\n<\/section><section class=\"bde-section-80-110 bde-section\">\n  \n  \n\t\n\n\n\n<div class=\"section-container\"><div class=\"bde-div-80-111 bde-div\">\n  \n  \n\t\n\n\n\n<div class=\"bde-div-80-112 bde-div\">\n  \n  \n\t\n\n\n\n<h1 class=\"bde-heading-80-113 bde-heading\">\nNa Instagramu smo\n<\/h1>\n<\/div><div class=\"bde-div-80-114 bde-div\">\n  \n  \n\t\n\n\n\n<div class=\"bde-button-80-115 bde-button\">\n    \n                                    \n    \n    \n    \n    \n            \n                    \n            \n            \n\n    \n    \n    \n    \n    \n    <a class=\"breakdance-link button-atom button-atom--primary bde-button__button\" href=\"https:\/\/www.instagram.com\/swmpowersports.rs\/\" target=\"_self\" data-type=\"url\" rel=\"noopener\">\n\n    \n        <span class=\"button-atom__text\">Pogledaj<\/span>\n\n        \n        \n                <\/a>\n\n    \n\n\n<\/div>\n<\/div>\n<\/div><\/div>\n<\/section>","protected":false},"excerpt":{"rendered":"<p>VESTI U QUAD SVETU Hello world! Welcome to WordPress. This is your first post. Edit or delete it, then start writing! Pro\u010ditaj vi\u0161e WE ARE ON INSTAGRAM Pogledaj<\/p>","protected":false},"author":1,"featured_media":296,"parent":0,"menu_order":0,"comment_status":"closed","ping_status":"closed","template":"","meta":{"_breakdance_hide_in_design_set":false,"_breakdance_tags":"","footnotes":""},"class_list":["post-80","page","type-page","status-publish","has-post-thumbnail","hentry"],"_links":{"self":[{"href":"https:\/\/swm-powersports.rs\/bs\/wp-json\/wp\/v2\/pages\/80","targetHints":{"allow":["GET"]}}],"collection":[{"href":"https:\/\/swm-powersports.rs\/bs\/wp-json\/wp\/v2\/pages"}],"about":[{"href":"https:\/\/swm-powersports.rs\/bs\/wp-json\/wp\/v2\/types\/page"}],"author":[{"embeddable":true,"href":"https:\/\/swm-powersports.rs\/bs\/wp-json\/wp\/v2\/users\/1"}],"replies":[{"embeddable":true,"href":"https:\/\/swm-powersports.rs\/bs\/wp-json\/wp\/v2\/comments?post=80"}],"version-history":[{"count":5,"href":"https:\/\/swm-powersports.rs\/bs\/wp-json\/wp\/v2\/pages\/80\/revisions"}],"predecessor-version":[{"id":304,"href":"https:\/\/swm-powersports.rs\/bs\/wp-json\/wp\/v2\/pages\/80\/revisions\/304"}],"wp:featuredmedia":[{"embeddable":true,"href":"https:\/\/swm-powersports.rs\/bs\/wp-json\/wp\/v2\/media\/296"}],"wp:attachment":[{"href":"https:\/\/swm-powersports.rs\/bs\/wp-json\/wp\/v2\/media?parent=80"}],"curies":[{"name":"wp","href":"https:\/\/api.w.org\/{rel}","templated":true}]}}