{"id":68,"date":"2026-03-01T10:01:51","date_gmt":"2026-03-01T10:01:51","guid":{"rendered":"https:\/\/swm-powersports.rs\/?page_id=68"},"modified":"2026-03-27T14:49:20","modified_gmt":"2026-03-27T14:49:20","slug":"frequently-asked-questions","status":"publish","type":"page","link":"https:\/\/swm-powersports.rs\/en\/faqs\/","title":{"rendered":"FAQs"},"content":{"rendered":"<section class=\"bde-section-68-138 bde-section\">\n  \n  \n\t\n\n\n\n<div class=\"section-container\"><div class=\"bde-div-68-139 bde-div\">\n  \n  \n\t\n\n\n\n<div class=\"bde-div-68-140 bde-div\">\n  \n  \n\t\n\n\n\n<h1 class=\"bde-heading-68-141 bde-heading\">\nANSWERS TO ALL<br>YOUR QUESTIONS\n<\/h1>\n<\/div><div class=\"bde-div-68-142 bde-div\">\n  \n  \n\t\n\n\n\n<div class=\"bde-button-68-143 bde-button\">\n    \n                                    \n    \n    \n    \n    \n            \n                    \n            \n            \n\n    \n    \n    \n    \n    \n    <a class=\"breakdance-link button-atom button-atom--primary bde-button__button\" href=\"https:\/\/swm-powersports.rs\/en\/contact\/\" target=\"_self\" data-type=\"url\"  >\n\n    \n        <span class=\"button-atom__text\">Do you have any more questions?<\/span>\n\n        \n        \n                <\/a>\n\n    \n\n\n<\/div>\n<\/div>\n<\/div><\/div>\n<\/section><section class=\"bde-section-68-110 bde-section\">\n  \n  \n\t\n\n\n\n<div class=\"section-container\"><div class=\"bde-div-68-111 bde-div\">\n  \n  \n\t\n\n\n\n<h2 class=\"bde-heading-68-112 bde-heading\">\nPurchase and Delivery\n<\/h2><div class=\"bde-frequently-asked-questions-68-113 bde-frequently-asked-questions\">\n      <div class=\"bde-faq__item\">\n      <h3 class=\"bde-faq__title-tag\">\n       <button id=\"bde-faq-113-button-1\" aria-expanded=\"false\" aria-controls=\"bde-faq-113-1\" class=\"bde-faq__question js-faq-item\">\n          <span class=\"bde-faq__title\">How can I order a vehicle through the website?<\/span>\n                           <div aria-hidden=\"true\" class=\"bde-faq__icon bde-faq__icon--rotate\">\n                 <svg fill=\"none\" xmlns=\"http:\/\/www.w3.org\/2000\/svg\" viewbox=\"0 0 8 12\">\n                \t<path d=\"M.59 10.59 5.17 6 .59 1.41 2 0l6 6-6 6-1.41-1.41Z\" \/>\n              \t<\/svg>\n              <\/div>\n          \t      <\/button>\n      <\/h3>\n      <div role=\"region\" aria-labelledby=\"bde-faq-113-button-1\" id=\"bde-faq-113-1\" class=\"bde-faq__answer\">\n        <div class=\"bde-faq__answer-content\">\n            <div class=\"breakdance-rich-text-styles\"><p><span style=\"font-weight: 400;\">You can start an order directly on the product page or by contacting our sales team. After the order is confirmed you will receive all information about the next steps and delivery.<\/span><\/p><\/div>\n\n                    <\/div>\n      <\/div>\n    <\/div>\n      <div class=\"bde-faq__item\">\n      <h3 class=\"bde-faq__title-tag\">\n       <button id=\"bde-faq-113-button-2\" aria-expanded=\"false\" aria-controls=\"bde-faq-113-2\" class=\"bde-faq__question js-faq-item\">\n          <span class=\"bde-faq__title\">How do I choose a vehicle that suits my needs?<\/span>\n                           <div aria-hidden=\"true\" class=\"bde-faq__icon bde-faq__icon--rotate\">\n                 <svg fill=\"none\" xmlns=\"http:\/\/www.w3.org\/2000\/svg\" viewbox=\"0 0 8 12\">\n                \t<path d=\"M.59 10.59 5.17 6 .59 1.41 2 0l6 6-6 6-1.41-1.41Z\" \/>\n              \t<\/svg>\n              <\/div>\n          \t      <\/button>\n      <\/h3>\n      <div role=\"region\" aria-labelledby=\"bde-faq-113-button-2\" id=\"bde-faq-113-2\" class=\"bde-faq__answer\">\n        <div class=\"bde-faq__answer-content\">\n            <div class=\"breakdance-rich-text-styles\"><p><span style=\"font-weight: 400;\">Our sales team will help you choose a model based on the vehicle's purpose, the terrain it will be used on, and your budget. Our goal is to help you find the vehicle that is a perfect fit for you.<\/span><\/p><\/div>\n\n                    <\/div>\n      <\/div>\n    <\/div>\n      <div class=\"bde-faq__item\">\n      <h3 class=\"bde-faq__title-tag\">\n       <button id=\"bde-faq-113-button-3\" aria-expanded=\"false\" aria-controls=\"bde-faq-113-3\" class=\"bde-faq__question js-faq-item\">\n          <span class=\"bde-faq__title\">How quickly can I pick up the vehicle after purchase?<\/span>\n                           <div aria-hidden=\"true\" class=\"bde-faq__icon bde-faq__icon--rotate\">\n                 <svg fill=\"none\" xmlns=\"http:\/\/www.w3.org\/2000\/svg\" viewbox=\"0 0 8 12\">\n                \t<path d=\"M.59 10.59 5.17 6 .59 1.41 2 0l6 6-6 6-1.41-1.41Z\" \/>\n              \t<\/svg>\n              <\/div>\n          \t      <\/button>\n      <\/h3>\n      <div role=\"region\" aria-labelledby=\"bde-faq-113-button-3\" id=\"bde-faq-113-3\" class=\"bde-faq__answer\">\n        <div class=\"bde-faq__answer-content\">\n            <div class=\"breakdance-rich-text-styles\"><p><span style=\"font-weight: 400;\">Delivery time depends on model availability and current stock levels. After your order is confirmed, you will receive all the necessary information for vehicle pickup and delivery.<\/span><\/p><\/div>\n\n                    <\/div>\n      <\/div>\n    <\/div>\n      <div class=\"bde-faq__item\">\n      <h3 class=\"bde-faq__title-tag\">\n       <button id=\"bde-faq-113-button-4\" aria-expanded=\"false\" aria-controls=\"bde-faq-113-4\" class=\"bde-faq__question js-faq-item\">\n          <span class=\"bde-faq__title\">Do you provide support after the purchase?<\/span>\n                           <div aria-hidden=\"true\" class=\"bde-faq__icon bde-faq__icon--rotate\">\n                 <svg fill=\"none\" xmlns=\"http:\/\/www.w3.org\/2000\/svg\" viewbox=\"0 0 8 12\">\n                \t<path d=\"M.59 10.59 5.17 6 .59 1.41 2 0l6 6-6 6-1.41-1.41Z\" \/>\n              \t<\/svg>\n              <\/div>\n          \t      <\/button>\n      <\/h3>\n      <div role=\"region\" aria-labelledby=\"bde-faq-113-button-4\" id=\"bde-faq-113-4\" class=\"bde-faq__answer\">\n        <div class=\"bde-faq__answer-content\">\n            <div class=\"breakdance-rich-text-styles\"><p><span style=\"font-weight: 400;\">Yes. Our relationship with our customers doesn't end with the vehicle sale. We are always available for advice, technical support, and any information regarding your vehicle's maintenance.<\/span><\/p><\/div>\n\n                    <\/div>\n      <\/div>\n    <\/div>\n  \n<\/div>\n<\/div><div class=\"bde-div-68-114 bde-div\">\n  \n  \n\t\n\n\n\n<h2 class=\"bde-heading-68-115 bde-heading\">\nUse and Equipment\n<\/h2><div class=\"bde-frequently-asked-questions-68-116 bde-frequently-asked-questions\">\n      <div class=\"bde-faq__item\">\n      <h3 class=\"bde-faq__title-tag\">\n       <button id=\"bde-faq-116-button-1\" aria-expanded=\"false\" aria-controls=\"bde-faq-116-1\" class=\"bde-faq__question js-faq-item\">\n          <span class=\"bde-faq__title\">Are the vehicles intended only for recreation or also for work?<\/span>\n                           <div aria-hidden=\"true\" class=\"bde-faq__icon bde-faq__icon--rotate\">\n                 <svg fill=\"none\" xmlns=\"http:\/\/www.w3.org\/2000\/svg\" viewbox=\"0 0 8 12\">\n                \t<path d=\"M.59 10.59 5.17 6 .59 1.41 2 0l6 6-6 6-1.41-1.41Z\" \/>\n              \t<\/svg>\n              <\/div>\n          \t      <\/button>\n      <\/h3>\n      <div role=\"region\" aria-labelledby=\"bde-faq-116-button-1\" id=\"bde-faq-116-1\" class=\"bde-faq__answer\">\n        <div class=\"bde-faq__answer-content\">\n            <div class=\"breakdance-rich-text-styles\"><p><span style=\"font-weight: 400;\">Off-road vehicles can be used for both recreation and work. Thanks to their powerful drivetrain and durable construction they are suitable for various types of terrain and tasks.<\/span><\/p><\/div>\n\n                    <\/div>\n      <\/div>\n    <\/div>\n      <div class=\"bde-faq__item\">\n      <h3 class=\"bde-faq__title-tag\">\n       <button id=\"bde-faq-116-button-2\" aria-expanded=\"false\" aria-controls=\"bde-faq-116-2\" class=\"bde-faq__question js-faq-item\">\n          <span class=\"bde-faq__title\">Can the vehicles be used year-round?<br><\/span>\n                           <div aria-hidden=\"true\" class=\"bde-faq__icon bde-faq__icon--rotate\">\n                 <svg fill=\"none\" xmlns=\"http:\/\/www.w3.org\/2000\/svg\" viewbox=\"0 0 8 12\">\n                \t<path d=\"M.59 10.59 5.17 6 .59 1.41 2 0l6 6-6 6-1.41-1.41Z\" \/>\n              \t<\/svg>\n              <\/div>\n          \t      <\/button>\n      <\/h3>\n      <div role=\"region\" aria-labelledby=\"bde-faq-116-button-2\" id=\"bde-faq-116-2\" class=\"bde-faq__answer\">\n        <div class=\"bde-faq__answer-content\">\n            <div class=\"breakdance-rich-text-styles\"><p><span style=\"font-weight: 400;\">Yes. The vehicles are designed for use in various weather conditions, including rain, mud, snow and demanding terrain.<\/span><\/p><\/div>\n\n                    <\/div>\n      <\/div>\n    <\/div>\n      <div class=\"bde-faq__item\">\n      <h3 class=\"bde-faq__title-tag\">\n       <button id=\"bde-faq-116-button-3\" aria-expanded=\"false\" aria-controls=\"bde-faq-116-3\" class=\"bde-faq__question js-faq-item\">\n          <span class=\"bde-faq__title\">Is there additional equipment available for the vehicles?<\/span>\n                           <div aria-hidden=\"true\" class=\"bde-faq__icon bde-faq__icon--rotate\">\n                 <svg fill=\"none\" xmlns=\"http:\/\/www.w3.org\/2000\/svg\" viewbox=\"0 0 8 12\">\n                \t<path d=\"M.59 10.59 5.17 6 .59 1.41 2 0l6 6-6 6-1.41-1.41Z\" \/>\n              \t<\/svg>\n              <\/div>\n          \t      <\/button>\n      <\/h3>\n      <div role=\"region\" aria-labelledby=\"bde-faq-116-button-3\" id=\"bde-faq-116-3\" class=\"bde-faq__answer\">\n        <div class=\"bde-faq__answer-content\">\n            <div class=\"breakdance-rich-text-styles\"><p><span style=\"font-weight: 400;\">Yes. Various accessories are available that can improve functionality and adapt the vehicle to your needs.<\/span><\/p><\/div>\n\n                    <\/div>\n      <\/div>\n    <\/div>\n      <div class=\"bde-faq__item\">\n      <h3 class=\"bde-faq__title-tag\">\n       <button id=\"bde-faq-116-button-4\" aria-expanded=\"false\" aria-controls=\"bde-faq-116-4\" class=\"bde-faq__question js-faq-item\">\n          <span class=\"bde-faq__title\">Do the vehicles have a warranty?<br><\/span>\n                           <div aria-hidden=\"true\" class=\"bde-faq__icon bde-faq__icon--rotate\">\n                 <svg fill=\"none\" xmlns=\"http:\/\/www.w3.org\/2000\/svg\" viewbox=\"0 0 8 12\">\n                \t<path d=\"M.59 10.59 5.17 6 .59 1.41 2 0l6 6-6 6-1.41-1.41Z\" \/>\n              \t<\/svg>\n              <\/div>\n          \t      <\/button>\n      <\/h3>\n      <div role=\"region\" aria-labelledby=\"bde-faq-116-button-4\" id=\"bde-faq-116-4\" class=\"bde-faq__answer\">\n        <div class=\"bde-faq__answer-content\">\n            <div class=\"breakdance-rich-text-styles\"><p><span style=\"font-weight: 400;\">For most models a factory warranty is provided that covers certain vehicle components.<\/span><\/p><\/div>\n\n                    <\/div>\n      <\/div>\n    <\/div>\n      <div class=\"bde-faq__item\">\n      <h3 class=\"bde-faq__title-tag\">\n       <button id=\"bde-faq-116-button-5\" aria-expanded=\"false\" aria-controls=\"bde-faq-116-5\" class=\"bde-faq__question js-faq-item\">\n          <span class=\"bde-faq__title\">How can I find out more about the technical specifications?<\/span>\n                           <div aria-hidden=\"true\" class=\"bde-faq__icon bde-faq__icon--rotate\">\n                 <svg fill=\"none\" xmlns=\"http:\/\/www.w3.org\/2000\/svg\" viewbox=\"0 0 8 12\">\n                \t<path d=\"M.59 10.59 5.17 6 .59 1.41 2 0l6 6-6 6-1.41-1.41Z\" \/>\n              \t<\/svg>\n              <\/div>\n          \t      <\/button>\n      <\/h3>\n      <div role=\"region\" aria-labelledby=\"bde-faq-116-button-5\" id=\"bde-faq-116-5\" class=\"bde-faq__answer\">\n        <div class=\"bde-faq__answer-content\">\n            <div class=\"breakdance-rich-text-styles\"><p><span style=\"font-weight: 400;\">All technical information is available on the product page or you can obtain it from our sales team.<\/span><\/p><\/div>\n\n                    <\/div>\n      <\/div>\n    <\/div>\n  \n<\/div>\n<\/div><div class=\"bde-div-68-117 bde-div\">\n  \n  \n\t\n\n\n\n<h2 class=\"bde-heading-68-118 bde-heading\">\nDriving and Safety\n<\/h2><div class=\"bde-frequently-asked-questions-68-119 bde-frequently-asked-questions\">\n      <div class=\"bde-faq__item\">\n      <h3 class=\"bde-faq__title-tag\">\n       <button id=\"bde-faq-119-button-1\" aria-expanded=\"false\" aria-controls=\"bde-faq-119-1\" class=\"bde-faq__question js-faq-item\">\n          <span class=\"bde-faq__title\">How easy is it to operate an off-road vehicle?<\/span>\n                           <div aria-hidden=\"true\" class=\"bde-faq__icon bde-faq__icon--rotate\">\n                 <svg fill=\"none\" xmlns=\"http:\/\/www.w3.org\/2000\/svg\" viewbox=\"0 0 8 12\">\n                \t<path d=\"M.59 10.59 5.17 6 .59 1.41 2 0l6 6-6 6-1.41-1.41Z\" \/>\n              \t<\/svg>\n              <\/div>\n          \t      <\/button>\n      <\/h3>\n      <div role=\"region\" aria-labelledby=\"bde-faq-119-button-1\" id=\"bde-faq-119-1\" class=\"bde-faq__answer\">\n        <div class=\"bde-faq__answer-content\">\n            <div class=\"breakdance-rich-text-styles\"><p><span style=\"font-weight: 400;\">Operation is simple and driver-friendly. The controls are intuitive, enabling safe and stable driving.<\/span><\/p><\/div>\n\n                    <\/div>\n      <\/div>\n    <\/div>\n      <div class=\"bde-faq__item\">\n      <h3 class=\"bde-faq__title-tag\">\n       <button id=\"bde-faq-119-button-2\" aria-expanded=\"false\" aria-controls=\"bde-faq-119-2\" class=\"bde-faq__question js-faq-item\">\n          <span class=\"bde-faq__title\">Can the vehicles be used for adventure tours?<br><\/span>\n                           <div aria-hidden=\"true\" class=\"bde-faq__icon bde-faq__icon--rotate\">\n                 <svg fill=\"none\" xmlns=\"http:\/\/www.w3.org\/2000\/svg\" viewbox=\"0 0 8 12\">\n                \t<path d=\"M.59 10.59 5.17 6 .59 1.41 2 0l6 6-6 6-1.41-1.41Z\" \/>\n              \t<\/svg>\n              <\/div>\n          \t      <\/button>\n      <\/h3>\n      <div role=\"region\" aria-labelledby=\"bde-faq-119-button-2\" id=\"bde-faq-119-2\" class=\"bde-faq__answer\">\n        <div class=\"bde-faq__answer-content\">\n            <div class=\"breakdance-rich-text-styles\"><p><span style=\"font-weight: 400;\">Yes. Off-road vehicles are ideal for exploring nature and adventure rides.<\/span><\/p><\/div>\n\n                    <\/div>\n      <\/div>\n    <\/div>\n      <div class=\"bde-faq__item\">\n      <h3 class=\"bde-faq__title-tag\">\n       <button id=\"bde-faq-119-button-3\" aria-expanded=\"false\" aria-controls=\"bde-faq-119-3\" class=\"bde-faq__question js-faq-item\">\n          <span class=\"bde-faq__title\">Do the vehicles have powerful braking systems?<\/span>\n                           <div aria-hidden=\"true\" class=\"bde-faq__icon bde-faq__icon--rotate\">\n                 <svg fill=\"none\" xmlns=\"http:\/\/www.w3.org\/2000\/svg\" viewbox=\"0 0 8 12\">\n                \t<path d=\"M.59 10.59 5.17 6 .59 1.41 2 0l6 6-6 6-1.41-1.41Z\" \/>\n              \t<\/svg>\n              <\/div>\n          \t      <\/button>\n      <\/h3>\n      <div role=\"region\" aria-labelledby=\"bde-faq-119-button-3\" id=\"bde-faq-119-3\" class=\"bde-faq__answer\">\n        <div class=\"bde-faq__answer-content\">\n            <div class=\"breakdance-rich-text-styles\"><p><span style=\"font-weight: 400;\">Yes. The braking systems are designed to provide safe and stable vehicle control.<\/span><\/p><\/div>\n\n                    <\/div>\n      <\/div>\n    <\/div>\n      <div class=\"bde-faq__item\">\n      <h3 class=\"bde-faq__title-tag\">\n       <button id=\"bde-faq-119-button-4\" aria-expanded=\"false\" aria-controls=\"bde-faq-119-4\" class=\"bde-faq__question js-faq-item\">\n          <span class=\"bde-faq__title\">How can I get more information about the vehicles?<\/span>\n                           <div aria-hidden=\"true\" class=\"bde-faq__icon bde-faq__icon--rotate\">\n                 <svg fill=\"none\" xmlns=\"http:\/\/www.w3.org\/2000\/svg\" viewbox=\"0 0 8 12\">\n                \t<path d=\"M.59 10.59 5.17 6 .59 1.41 2 0l6 6-6 6-1.41-1.41Z\" \/>\n              \t<\/svg>\n              <\/div>\n          \t      <\/button>\n      <\/h3>\n      <div role=\"region\" aria-labelledby=\"bde-faq-119-button-4\" id=\"bde-faq-119-4\" class=\"bde-faq__answer\">\n        <div class=\"bde-faq__answer-content\">\n            <div class=\"breakdance-rich-text-styles\"><p><span style=\"font-weight: 400;\">All additional information can be obtained through our contact form or directly from the sales team.<\/span><\/p><\/div>\n\n                    <\/div>\n      <\/div>\n    <\/div>\n  \n<\/div>\n<\/div><\/div>\n<\/section><section class=\"bde-section-68-121 bde-section\">\n  \n  \n\t\n\n\n\n<div class=\"section-container\"><div class=\"bde-div-68-122 bde-div\">\n  \n  \n\t\n\n\n\n<h2 class=\"bde-heading-68-123 bde-heading\">\nPremium quality\n<\/h2><div class=\"bde-text-68-124 bde-text\">\nSWM vehicles are manufactured to the highest European standards, with quality control at every stage of production. The use of premium materials and precision craftsmanship guarantee a long service life and reliable operation under all conditions.\n<\/div><div class=\"bde-code-block-68-125 bde-code-block\">\n\n  <svg width=\"174\" height=\"234\" viewbox=\"0 0 174 234\" fill=\"none\" xmlns=\"http:\/\/www.w3.org\/2000\/svg\">\n<path d=\"M5.63433 237C-12.3552 237 -26.125 231.889 -35.675 221.667C-45.225 211.444 -50 197 -50 178.333V55.6667C-50 37 -45.225 22.5556 -35.675 12.3333C-26.125 2.11111 -12.3552 -3 5.63433 -3C23.6239 -3 37.3936 2.11111 46.9436 12.3333C56.4936 22.5556 61.2687 37 61.2687 55.6667V178.333C61.2687 197 56.4936 211.444 46.9436 221.667C37.3936 231.889 23.6239 237 5.63433 237ZM5.63433 203.667C18.2936 203.667 24.6233 196 24.6233 180.667V53.3333C24.6233 38 18.2936 30.3333 5.63433 30.3333C-7.02498 30.3333 -13.3546 38 -13.3546 53.3333V180.667C-13.3546 196 -7.02498 203.667 5.63433 203.667Z\" fill=\"white\" fill-opacity=\"0.18\"\/>\n<path d=\"M137.355 55.6667H99.0436V29.6667C109.482 29.6667 117.81 28.7778 124.029 27C130.47 25.2222 135.578 22.3333 139.353 18.3333C143.129 14.1111 146.46 8.11111 149.348 0.33333H174V233.667H137.355V55.6667Z\" fill=\"white\" fill-opacity=\"0.18\"\/>\n<\/svg>\n\n\n\n<\/div>\n<\/div><div class=\"bde-div-68-126 bde-div\">\n  \n  \n\t\n\n\n\n<h2 class=\"bde-heading-68-127 bde-heading\">\nPower and durability\n<\/h2><div class=\"bde-text-68-128 bde-text\">\nPowerful engines and a robust construction enable maximum performance on all terrains. Regardless of the conditions, SWM vehicles provide stability, durability, and consistent power.\n<\/div><div class=\"bde-code-block-68-129 bde-code-block\">\n\n  <svg width=\"197\" height=\"234\" viewbox=\"0 0 197 234\" fill=\"none\" xmlns=\"http:\/\/www.w3.org\/2000\/svg\">\n<path d=\"M5.39506 237C-12.8405 237 -26.7985 231.889 -36.4791 221.667C-46.1597 211.444 -51 197 -51 178.333V55.6667C-51 37 -46.1597 22.5556 -36.4791 12.3333C-26.7985 2.11111 -12.8405 -3 5.39506 -3C23.6306 -3 37.5886 2.11111 47.2692 12.3333C56.9498 22.5556 61.7901 37 61.7901 55.6667V178.333C61.7901 197 56.9498 211.444 47.2692 221.667C37.5886 231.889 23.6306 237 5.39506 237ZM5.39506 203.667C18.2275 203.667 24.6437 196 24.6437 180.667V53.3333C24.6437 38 18.2275 30.3333 5.39506 30.3333C-7.43735 30.3333 -13.8536 38 -13.8536 53.3333V180.667C-13.8536 196 -7.43735 203.667 5.39506 203.667Z\" fill=\"white\" fill-opacity=\"0.18\"\/>\n<path d=\"M86.2361 208.333C86.2361 191.667 88.9376 177.444 94.3407 165.667C99.7439 153.667 109.424 140.444 123.383 126C137.115 111.556 146.571 99.2222 151.749 89C157.152 78.7778 159.854 68.1111 159.854 57C159.854 47 158.165 40.1111 154.788 36.3333C151.636 32.3333 146.909 30.3333 140.605 30.3333C127.773 30.3333 121.356 38 121.356 53.3333V78.3333H86.2361V55.6667C86.2361 36.7778 90.9638 22.3333 100.419 12.3333C109.875 2.11111 123.608 -3 141.618 -3C159.628 -3 173.361 2.11111 182.817 12.3333C192.272 22.3333 197 36.7778 197 55.6667C197 69.8889 193.51 83.7778 186.531 97.3333C179.778 110.889 167.958 126.444 151.073 144C140.042 155.556 132.613 165 128.786 172.333C124.958 179.444 123.045 187.111 123.045 195.333V200.333H193.623V233.667H86.2361V208.333Z\" fill=\"white\" fill-opacity=\"0.18\"\/>\n<\/svg>\n\n\n\n<\/div>\n<\/div><div class=\"bde-div-68-130 bde-div\">\n  \n  \n\t\n\n\n\n<h2 class=\"bde-heading-68-131 bde-heading\">\nHigh reliability\n<\/h2><div class=\"bde-text-68-132 bde-text\">\nDeveloped with advanced engineering processes and tested according to global standards, SWM vehicles provide reliable operation without compromise. The focus on detail guarantees safe and long-term use.\n<\/div><div class=\"bde-code-block-68-133 bde-code-block\">\n\n  <svg width=\"190\" height=\"234\" viewbox=\"0 0 190 234\" fill=\"none\" xmlns=\"http:\/\/www.w3.org\/2000\/svg\">\n<path d=\"M2.71324 240C-15.3018 240 -29.0911 234.889 -38.6547 224.667C-48.2182 214.444 -53 200 -53 181.333V58.6667C-53 40 -48.2182 25.5556 -38.6547 15.3333C-29.0911 5.11111 -15.3018 0 2.71324 0C20.7283 0 34.5176 5.11111 44.0812 15.3333C53.6447 25.5556 58.4265 40 58.4265 58.6667V181.333C58.4265 200 53.6447 214.444 44.0812 224.667C34.5176 234.889 20.7283 240 2.71324 240ZM2.71324 206.667C15.3905 206.667 21.7291 199 21.7291 183.667V56.3333C21.7291 41 15.3905 33.3333 2.71324 33.3333C-9.96402 33.3333 -16.3027 41 -16.3027 56.3333V183.667C-16.3027 199 -9.96402 206.667 2.71324 206.667Z\" fill=\"white\" fill-opacity=\"0.18\"\/>\n<path d=\"M135.288 240C117.273 240 103.594 235 94.2533 225C85.1346 215 80.5752 200.667 80.5752 182V163H115.271V183.667C115.271 199 121.609 206.667 134.287 206.667C140.514 206.667 145.185 204.778 148.298 201C151.635 197 153.303 190.111 153.303 180.333V161.333C153.303 150.667 151.412 143.111 147.631 138.667C143.85 134 137.734 131.667 129.283 131.667H116.939V98.3333H130.283C137.623 98.3333 143.072 96.4444 146.63 92.6667C150.411 88.8889 152.302 82.5556 152.302 73.6667V56.6667C152.302 48.6667 150.634 42.7778 147.298 39C143.962 35.2222 139.513 33.3333 133.953 33.3333C122.166 33.3333 116.272 40.5556 116.272 55V70.3333H81.576V58C81.576 39.3333 86.1354 25 95.2541 15C104.595 5 117.94 0 135.288 0C152.858 0 166.202 5 175.321 15C184.44 24.7778 188.999 39 188.999 57.6667V66C188.999 78.6667 186.886 88.8889 182.661 96.6667C178.435 104.222 171.874 109.667 162.977 113V113.667C172.541 117.222 179.436 123 183.661 131C187.887 139 190 149.222 190 161.667V182.333C190 201 185.329 215.333 175.988 225.333C166.87 235.111 153.303 240 135.288 240Z\" fill=\"white\" fill-opacity=\"0.18\"\/>\n<\/svg>\n\n\n\n<\/div>\n<\/div><div class=\"bde-div-68-134 bde-div\">\n  \n  \n\t\n\n\n\n<h2 class=\"bde-heading-68-135 bde-heading\">\nSafety first\n<\/h2><div class=\"bde-text-68-136 bde-text\">\nSafety is a priority in every aspect of the design. Advanced control and stability systems, combined with quality craftsmanship, provide maximum protection for the driver and passengers.\n<\/div><div class=\"bde-code-block-68-137 bde-code-block\">\n\n  <svg width=\"201\" height=\"234\" viewbox=\"0 0 201 234\" fill=\"none\" xmlns=\"http:\/\/www.w3.org\/2000\/svg\">\n<path d=\"M1.6709 239C-16.6538 239 -30.6802 233.804 -40.4081 223.411C-50.136 213.019 -55 198.333 -55 179.356V54.6444C-55 35.6667 -50.136 20.9815 -40.4081 10.5889C-30.6802 0.196296 -16.6538 -5 1.6709 -5C19.9956 -5 34.022 0.196296 43.7499 10.5889C53.4778 20.9815 58.3418 35.6667 58.3418 54.6444V179.356C58.3418 198.333 53.4778 213.019 43.7499 223.411C34.022 233.804 19.9956 239 1.6709 239ZM1.6709 205.111C14.5661 205.111 21.0137 197.317 21.0137 181.728V52.2722C21.0137 36.6833 14.5661 28.8889 1.6709 28.8889C-11.2243 28.8889 -17.6719 36.6833 -17.6719 52.2722V181.728C-17.6719 197.317 -11.2243 205.111 1.6709 205.111Z\" fill=\"white\" fill-opacity=\"0.18\"\/>\n<path d=\"M146.026 192.572H74.763V158.683L142.632 -1.61111H183.354V158.683H201V192.572H183.354V235.611H146.026V192.572ZM146.026 158.683V66.1667H145.347L108.698 158.683H146.026Z\" fill=\"white\" fill-opacity=\"0.18\"\/>\n<\/svg>\n\n\n\n<\/div>\n<\/div><\/div>\n<\/section>","protected":false},"excerpt":{"rendered":"<p>ODGOVORI NA SVAVA\u0160A PITANJA Imate jo\u0161 pitanja? Kupovina i isporuka Kako mogu da poru\u010dim vozilo preko sajta? Porud\u017ebinu mo\u017eete zapo\u010deti direktno na stranici proizvoda ili kontaktiranjem na\u0161eg prodajnog tima. Nakon potvrde porud\u017ebine dobi\u0107ete sve informacije o daljim koracima i isporuci. Kako da izaberem vozilo koje odgovara mojim potrebama? Na\u0161 prodajni tim pomo\u0107i \u0107e vam da [&hellip;]<\/p>\n","protected":false},"author":1,"featured_media":298,"parent":0,"menu_order":0,"comment_status":"closed","ping_status":"closed","template":"","meta":{"_breakdance_hide_in_design_set":false,"_breakdance_tags":"","footnotes":""},"class_list":["post-68","page","type-page","status-publish","has-post-thumbnail","hentry"],"_links":{"self":[{"href":"https:\/\/swm-powersports.rs\/en\/wp-json\/wp\/v2\/pages\/68","targetHints":{"allow":["GET"]}}],"collection":[{"href":"https:\/\/swm-powersports.rs\/en\/wp-json\/wp\/v2\/pages"}],"about":[{"href":"https:\/\/swm-powersports.rs\/en\/wp-json\/wp\/v2\/types\/page"}],"author":[{"embeddable":true,"href":"https:\/\/swm-powersports.rs\/en\/wp-json\/wp\/v2\/users\/1"}],"replies":[{"embeddable":true,"href":"https:\/\/swm-powersports.rs\/en\/wp-json\/wp\/v2\/comments?post=68"}],"version-history":[{"count":5,"href":"https:\/\/swm-powersports.rs\/en\/wp-json\/wp\/v2\/pages\/68\/revisions"}],"predecessor-version":[{"id":357,"href":"https:\/\/swm-powersports.rs\/en\/wp-json\/wp\/v2\/pages\/68\/revisions\/357"}],"wp:featuredmedia":[{"embeddable":true,"href":"https:\/\/swm-powersports.rs\/en\/wp-json\/wp\/v2\/media\/298"}],"wp:attachment":[{"href":"https:\/\/swm-powersports.rs\/en\/wp-json\/wp\/v2\/media?parent=68"}],"curies":[{"name":"wp","href":"https:\/\/api.w.org\/{rel}","templated":true}]}}