{"id":107,"date":"2026-03-01T14:52:26","date_gmt":"2026-03-01T14:52:26","guid":{"rendered":"https:\/\/swm-powersports.rs\/?page_id=107"},"modified":"2026-03-27T14:50:53","modified_gmt":"2026-03-27T14:50:53","slug":"kontakt","status":"publish","type":"page","link":"https:\/\/swm-powersports.rs\/me\/kontakt\/","title":{"rendered":"Kontakt"},"content":{"rendered":"<section class=\"bde-section-107-114 bde-section\">\n  \n  \n\t\n\n\n\n<div class=\"section-container\"><div class=\"bde-div-107-115 bde-div\">\n  \n  \n\t\n\n\n\n<h2 class=\"bde-heading-107-116 bde-heading\">\nPRONA\u0110ITE NAJBLI\u017dEG DILERA\n<\/h2><div class=\"bde-div-107-117 bde-div\">\n  \n  \n\t\n\n\n\n<h3 class=\"bde-heading-107-118 bde-heading\">\nSalon u Beogradu\n<\/h3><div class=\"bde-div-107-119 bde-div\">\n  \n  \n\t\n\n\n\n<div class=\"bde-code-block-107-120 bde-code-block\">\n\n  <svg width=\"20\" height=\"20\" viewBox=\"0 0 20 20\" fill=\"none\" xmlns=\"http:\/\/www.w3.org\/2000\/svg\">\n<g clip-path=\"url(#clip0_3220_575)\">\n<path d=\"M16.9041 8.04871C16.9041 13.6837 9.65906 18.5137 9.65906 18.5137C9.65906 18.5137 2.41406 13.6837 2.41406 8.04871C2.41406 6.12722 3.17737 4.28442 4.53607 2.92572C5.89477 1.56702 7.73757 0.803711 9.65906 0.803711C11.5806 0.803711 13.4233 1.56702 14.7821 2.92572C16.1408 4.28442 16.9041 6.12722 16.9041 8.04871Z\" stroke=\"#272A2E\" stroke-width=\"1.68\" stroke-linecap=\"round\" stroke-linejoin=\"round\"\/>\n<path d=\"M9.65918 4.79443C11.4568 4.79445 12.9141 6.25164 12.9141 8.04932C12.914 9.84697 11.4568 11.3042 9.65918 11.3042C7.86151 11.3042 6.40432 9.84699 6.4043 8.04932C6.4043 6.25163 7.86149 4.79443 9.65918 4.79443Z\" stroke=\"#272A2E\" stroke-width=\"1.68\" stroke-linecap=\"round\" stroke-linejoin=\"round\"\/>\n<\/g>\n<defs>\n<clipPath id=\"clip0_3220_575\">\n<rect width=\"19.32\" height=\"19.32\" fill=\"white\"\/>\n<\/clipPath>\n<\/defs>\n<\/svg>\n\n\n\n<\/div><div class=\"bde-text-107-121 bde-text\">\nZrenjaninski put 98a, Beograd\n<\/div>\n<\/div><a class=\"bde-container-link-107-134 bde-container-link breakdance-link\" href=\"tel:+381606116335\" target=\"_self\" data-type=\"url\">\n  \n  \n\t\n\n\n\n<div class=\"bde-div-107-122 bde-div\">\n  \n  \n\t\n\n\n\n<div class=\"bde-code-block-107-123 bde-code-block\">\n\n  <svg width=\"18\" height=\"18\" viewBox=\"0 0 18 18\" fill=\"none\" xmlns=\"http:\/\/www.w3.org\/2000\/svg\">\n<path d=\"M16.6662 12.1006C17.0851 12.5206 17.3203 13.0897 17.3203 13.6829C17.3203 14.2762 17.0851 14.8452 16.6662 15.2652L16.0069 16.0242C10.086 21.69 -4.3198 7.28852 1.26065 1.35026L2.09121 0.627402C2.51198 0.220268 3.07599 -0.00505326 3.66146 8.60222e-05C4.24694 0.00522531 4.8069 0.240413 5.22046 0.654871C5.24215 0.677279 6.5816 2.41792 6.5816 2.41792C6.97893 2.83533 7.20018 3.38977 7.19937 3.96606C7.19856 4.54235 6.97576 5.09617 6.57726 5.51247L5.73947 6.56567C6.20271 7.69124 6.8838 8.71418 7.7436 9.57571C8.60339 10.4372 9.62496 11.1204 10.7496 11.5859L11.8086 10.7438C12.2248 10.3455 12.7785 10.1228 13.3546 10.122C13.9307 10.1212 14.485 10.3423 14.9024 10.7394C14.9024 10.7394 16.6438 12.0789 16.6662 12.1006ZM15.6722 13.1516C15.6722 13.1516 13.9424 11.8201 13.92 11.7984C13.7711 11.6508 13.5699 11.5679 13.3602 11.5679C13.1505 11.5679 12.9493 11.6508 12.8003 11.7984C12.7808 11.8172 11.3228 12.9796 11.3228 12.9796C11.2246 13.0578 11.1076 13.109 10.9835 13.1283C10.8594 13.1476 10.7325 13.1342 10.6151 13.0894C9.15729 12.5473 7.83314 11.6979 6.73257 10.5988C5.63199 9.49974 4.78076 8.17675 4.23665 6.71964C4.18905 6.60117 4.17367 6.47222 4.19208 6.34588C4.21049 6.21955 4.26204 6.10034 4.34147 6.00039C4.34147 6.00039 5.5031 4.54239 5.52261 4.52288C5.67027 4.37396 5.75312 4.17274 5.75312 3.96302C5.75312 3.75331 5.67027 3.55209 5.52261 3.40317C5.50093 3.38148 4.16943 1.65097 4.16943 1.65097C4.01837 1.51534 3.82115 1.44263 3.61821 1.44774C3.41526 1.45285 3.22196 1.53538 3.07791 1.67844L2.24735 2.40129C-1.83245 7.3037 10.6535 19.0978 14.9494 15.0383L15.6086 14.2793C15.7641 14.1366 15.8577 13.939 15.8696 13.7284C15.8814 13.5178 15.8106 13.3108 15.6722 13.1516Z\" fill=\"#272A2E\"\/>\n<\/svg>\n\n\n\n<\/div><div class=\"bde-text-107-124 bde-text\">\n060 6116 335\n<\/div>\n<\/div>\n\n<\/a><a class=\"bde-container-link-107-135 bde-container-link breakdance-link\" href=\"mailto:office@swm-powersports.rs\" target=\"_self\" data-type=\"url\">\n  \n  \n\t\n\n\n\n<div class=\"bde-div-107-136 bde-div\">\n  \n  \n\t\n\n\n\n<div class=\"bde-code-block-107-137 bde-code-block\">\n\n  <svg width=\"18\" height=\"13\" viewBox=\"0 0 18 13\" fill=\"none\" xmlns=\"http:\/\/www.w3.org\/2000\/svg\">\n<path d=\"M16.5205 8.66699C16.5205 9.71094 16.5195 10.4123 16.4492 10.9355C16.382 11.4355 16.2652 11.6498 16.124 11.791C15.9829 11.9321 15.769 12.048 15.2695 12.1152C14.7462 12.1856 14.0443 12.1875 13 12.1875H4.33301C3.28901 12.1875 2.58766 12.1855 2.06445 12.1152C1.56454 12.048 1.35016 11.9322 1.20898 11.791C1.06781 11.6498 0.951978 11.4355 0.884766 10.9355C0.814451 10.4123 0.8125 9.71099 0.8125 8.66699V4.56445L7.33398 7.8252C8.1727 8.24455 9.16031 8.24455 9.99902 7.8252L13.8477 5.90137L16.5205 4.56445V8.66699ZM4.33301 0.8125H13C14.0443 0.8125 14.7462 0.814411 15.2695 0.884766C15.769 0.95196 15.9829 1.06792 16.124 1.20898C16.2652 1.35016 16.382 1.56454 16.4492 2.06445C16.4763 2.26595 16.4894 2.49407 16.5 2.75781L13.1211 4.44727L9.27246 6.37207C8.89134 6.56263 8.44268 6.56252 8.06152 6.37207L0.832031 2.75781C0.842585 2.49401 0.857681 2.26599 0.884766 2.06445C0.951978 1.56454 1.06781 1.35016 1.20898 1.20898C1.35016 1.06781 1.56454 0.951978 2.06445 0.884766C2.58766 0.814451 3.28901 0.8125 4.33301 0.8125Z\" stroke=\"#272A2E\" stroke-width=\"1.625\"\/>\n<\/svg>\n\n\n\n<\/div><div class=\"bde-text-107-138 bde-text\">\noffice@swm-powersports.rs\n<\/div>\n<\/div>\n\n<\/a>\n<\/div>\n<\/div><div class=\"bde-div-107-132 bde-div\">\n  \n  \n\t\n\n\n\n<div class=\"bde-code-block-107-133 bde-code-block\">\n\n  <iframe src=\"https:\/\/www.google.com\/maps\/embed?pb=!1m18!1m12!1m3!1d2828.1916014616695!2d20.478174513128682!3d44.85839407094987!2m3!1f0!2f0!3f0!3m2!1i1024!2i768!4f13.1!3m3!1m2!1s0x475a64ca0538589b%3A0x1e78310ea418acdc!2sZrenjaninski%20put%2098a%2C%20Beograd%2011210%2C%20Serbia!5e0!3m2!1sen!2sus!4v1773657013995!5m2!1sen!2sus\" width=\"600\" height=\"500px\" style=\"border:0;\" allowfullscreen=\"\" loading=\"lazy\" referrerpolicy=\"no-referrer-when-downgrade\"><\/iframe>\n\n\n<\/div>\n<\/div><\/div>\n<\/section><section class=\"bde-section-107-112 bde-section\">\n  \n  \n\t\n\n\n\n<div class=\"section-container\"><div class=\"bde-form-builder-107-113 bde-form-builder\">\n\n<form id=\"contact-form113\" class=\"breakdance-form breakdance-form--vertical\" data-options=\"{&quot;slug&quot;:&quot;custom&quot;,&quot;name&quot;:&quot;Contact Form&quot;,&quot;ajaxUrl&quot;:&quot;https:\\\/\\\/swm-powersports.rs\\\/wp-admin\\\/admin-ajax.php&quot;,&quot;clearOnSuccess&quot;:true,&quot;hideOnSuccess&quot;:false,&quot;successMessage&quot;:&quot;Poruka uspe\\u0161no poslata&quot;,&quot;errorMessage&quot;:&quot;Something went wrong&quot;,&quot;redirect&quot;:false,&quot;redirectUrl&quot;:&quot;&quot;,&quot;customJavaScript&quot;:&quot;&quot;,&quot;recaptcha&quot;:{&quot;key&quot;:&quot;&quot;,&quot;enabled&quot;:false},&quot;honeypot_enabled&quot;:false,&quot;popupsOnSuccess&quot;:[],&quot;popupsOnError&quot;:[]}\" data-steps=\"0\" >\n  \n  \n  \n<div class=\"breakdance-form-field breakdance-form-field--text\" >\n    \n    \n            <label class=\"breakdance-form-field__label\" for=\"name\">\n            Ime<span class=\"breakdance-form-field__required\">*<\/span>\n        <\/label>\n    \n    <input\n    class=\"breakdance-form-field__input\"\n    id=\"name\"\n    aria-describedby=\"name\"\n    type=\"text\"\n    name=\"fields[name]\"\n    placeholder=\"\"\n    value=\"\"\n                \n        \n        \n    required\n    \n    \n    \n>\n\n\n    \n    \n<\/div>\n\n\n<div class=\"breakdance-form-field breakdance-form-field--email\" >\n    \n    \n            <label class=\"breakdance-form-field__label\" for=\"email\">\n            Email<span class=\"breakdance-form-field__required\">*<\/span>\n        <\/label>\n    \n    <input\n    class=\"breakdance-form-field__input\"\n    id=\"email\"\n    aria-describedby=\"email\"\n    type=\"email\"\n    name=\"fields[email]\"\n    placeholder=\"\"\n    value=\"\"\n                \n        \n        \n    required\n    \n    \n    \n>\n\n\n    \n    \n<\/div>\n\n\n<div class=\"breakdance-form-field breakdance-form-field--textarea\" >\n    \n    \n            <label class=\"breakdance-form-field__label\" for=\"message\">\n            Poruka<span class=\"breakdance-form-field__required\">*<\/span>\n        <\/label>\n    \n    <textarea\n    class=\"breakdance-form-field__input\"\n    id=\"message\"\n    aria-describedby=\"message\"\n    type=\"textarea\"\n    name=\"fields[message]\"\n        placeholder=\"\"\n    required\n    >\n<\/textarea>\n\n\n    \n    \n<\/div>\n\n\n  \n\n<div class=\"breakdance-form-field breakdance-form-footer\">\n    \n    \n                                    \n    \n    \n    \n    \n            \n            <button type=\"submit\" class=\"button-atom button-atom--primary breakdance-form-button breakdance-form-button__submit\"  >\n    \n        <span class=\"button-atom__text\">Po\u0161aljite<\/span>\n\n        \n        \n            <\/button>\n    \n    <input type=\"hidden\" name=\"form_id\" value=\"113\">\n    <input type=\"hidden\" name=\"post_id\" value=\"107\">\n<\/div>\n\n  \n<\/form>\n\n\n<\/div><\/div>\n<\/section>","protected":false},"excerpt":{"rendered":"<p>PRONA\u0110ITE NAJBLI\u017dEG DILERA Salon u Beogradu Zrenjaninski put 98a, Beograd 060 6116 335 office@swm-powersports.rs Ime* Email* Poruka* Po\u0161aljite<\/p>","protected":false},"author":1,"featured_media":40,"parent":0,"menu_order":0,"comment_status":"closed","ping_status":"closed","template":"","meta":{"_breakdance_hide_in_design_set":false,"_breakdance_tags":"","footnotes":""},"class_list":["post-107","page","type-page","status-publish","has-post-thumbnail","hentry"],"_links":{"self":[{"href":"https:\/\/swm-powersports.rs\/me\/wp-json\/wp\/v2\/pages\/107","targetHints":{"allow":["GET"]}}],"collection":[{"href":"https:\/\/swm-powersports.rs\/me\/wp-json\/wp\/v2\/pages"}],"about":[{"href":"https:\/\/swm-powersports.rs\/me\/wp-json\/wp\/v2\/types\/page"}],"author":[{"embeddable":true,"href":"https:\/\/swm-powersports.rs\/me\/wp-json\/wp\/v2\/users\/1"}],"replies":[{"embeddable":true,"href":"https:\/\/swm-powersports.rs\/me\/wp-json\/wp\/v2\/comments?post=107"}],"version-history":[{"count":5,"href":"https:\/\/swm-powersports.rs\/me\/wp-json\/wp\/v2\/pages\/107\/revisions"}],"predecessor-version":[{"id":358,"href":"https:\/\/swm-powersports.rs\/me\/wp-json\/wp\/v2\/pages\/107\/revisions\/358"}],"wp:featuredmedia":[{"embeddable":true,"href":"https:\/\/swm-powersports.rs\/me\/wp-json\/wp\/v2\/media\/40"}],"wp:attachment":[{"href":"https:\/\/swm-powersports.rs\/me\/wp-json\/wp\/v2\/media?parent=107"}],"curies":[{"name":"wp","href":"https:\/\/api.w.org\/{rel}","templated":true}]}}