{"id":68,"date":"2026-03-01T10:01:51","date_gmt":"2026-03-01T10:01:51","guid":{"rendered":"https:\/\/swm-powersports.rs\/?page_id=68"},"modified":"2026-03-27T14:49:20","modified_gmt":"2026-03-27T14:49:20","slug":"faqs","status":"publish","type":"page","link":"https:\/\/swm-powersports.rs\/me\/faqs\/","title":{"rendered":"FAQs"},"content":{"rendered":"<section class=\"bde-section-68-138 bde-section\">\n  \n  \n\t\n\n\n\n<div class=\"section-container\"><div class=\"bde-div-68-139 bde-div\">\n  \n  \n\t\n\n\n\n<div class=\"bde-div-68-140 bde-div\">\n  \n  \n\t\n\n\n\n<h1 class=\"bde-heading-68-141 bde-heading\">\nODGOVORI NA SVA<br>VA\u0160A PITANJA\n<\/h1>\n<\/div><div class=\"bde-div-68-142 bde-div\">\n  \n  \n\t\n\n\n\n<div class=\"bde-button-68-143 bde-button\">\n    \n                                    \n    \n    \n    \n    \n            \n                    \n            \n            \n\n    \n    \n    \n    \n    \n    <a class=\"breakdance-link button-atom button-atom--primary bde-button__button\" href=\"https:\/\/swm-powersports.rs\/me\/kontakt\/\" target=\"_self\" data-type=\"url\"  >\n\n    \n        <span class=\"button-atom__text\">Imate jo\u0161 pitanja?<\/span>\n\n        \n        \n                <\/a>\n\n    \n\n\n<\/div>\n<\/div>\n<\/div><\/div>\n<\/section><section class=\"bde-section-68-110 bde-section\">\n  \n  \n\t\n\n\n\n<div class=\"section-container\"><div class=\"bde-div-68-111 bde-div\">\n  \n  \n\t\n\n\n\n<h2 class=\"bde-heading-68-112 bde-heading\">\nKupovina i isporuka\n<\/h2><div class=\"bde-frequently-asked-questions-68-113 bde-frequently-asked-questions\">\n      <div class=\"bde-faq__item\">\n      <h3 class=\"bde-faq__title-tag\">\n       <button id=\"bde-faq-113-button-1\" aria-expanded=\"false\" aria-controls=\"bde-faq-113-1\" class=\"bde-faq__question js-faq-item\">\n          <span class=\"bde-faq__title\">Kako mogu da poru\u010dim vozilo preko sajta?<\/span>\n                           <div aria-hidden=\"true\" class=\"bde-faq__icon bde-faq__icon--rotate\">\n                 <svg fill=\"none\" xmlns=\"http:\/\/www.w3.org\/2000\/svg\" viewbox=\"0 0 8 12\">\n                \t<path d=\"M.59 10.59 5.17 6 .59 1.41 2 0l6 6-6 6-1.41-1.41Z\" \/>\n              \t<\/svg>\n              <\/div>\n          \t      <\/button>\n      <\/h3>\n      <div role=\"region\" aria-labelledby=\"bde-faq-113-button-1\" id=\"bde-faq-113-1\" class=\"bde-faq__answer\">\n        <div class=\"bde-faq__answer-content\">\n            <div class=\"breakdance-rich-text-styles\"><p><span style=\"font-weight: 400;\">Porud\u017ebinu mo\u017eete zapo\u010deti direktno na stranici proizvoda ili kontaktiranjem na\u0161eg prodajnog tima. Nakon potvrde porud\u017ebine dobi\u0107ete sve informacije o daljim koracima i isporuci.<\/span><\/p><\/div>\n\n                    <\/div>\n      <\/div>\n    <\/div>\n      <div class=\"bde-faq__item\">\n      <h3 class=\"bde-faq__title-tag\">\n       <button id=\"bde-faq-113-button-2\" aria-expanded=\"false\" aria-controls=\"bde-faq-113-2\" class=\"bde-faq__question js-faq-item\">\n          <span class=\"bde-faq__title\">Kako da izaberem vozilo koje odgovara mojim potrebama?<\/span>\n                           <div aria-hidden=\"true\" class=\"bde-faq__icon bde-faq__icon--rotate\">\n                 <svg fill=\"none\" xmlns=\"http:\/\/www.w3.org\/2000\/svg\" viewbox=\"0 0 8 12\">\n                \t<path d=\"M.59 10.59 5.17 6 .59 1.41 2 0l6 6-6 6-1.41-1.41Z\" \/>\n              \t<\/svg>\n              <\/div>\n          \t      <\/button>\n      <\/h3>\n      <div role=\"region\" aria-labelledby=\"bde-faq-113-button-2\" id=\"bde-faq-113-2\" class=\"bde-faq__answer\">\n        <div class=\"bde-faq__answer-content\">\n            <div class=\"breakdance-rich-text-styles\"><p><span style=\"font-weight: 400;\">Na\u0161 prodajni tim pomo\u0107i \u0107e vam da izaberete model u skladu sa namenom vozila, terenom na kome \u0107e se koristiti i va\u0161im bud\u017eetom. Na\u0161 cilj je da prona\u0111ete vozilo koje vam u potpunosti odgovara.<\/span><\/p><\/div>\n\n                    <\/div>\n      <\/div>\n    <\/div>\n      <div class=\"bde-faq__item\">\n      <h3 class=\"bde-faq__title-tag\">\n       <button id=\"bde-faq-113-button-3\" aria-expanded=\"false\" aria-controls=\"bde-faq-113-3\" class=\"bde-faq__question js-faq-item\">\n          <span class=\"bde-faq__title\">Koliko brzo mogu da preuzmem vozilo nakon kupovine?<\/span>\n                           <div aria-hidden=\"true\" class=\"bde-faq__icon bde-faq__icon--rotate\">\n                 <svg fill=\"none\" xmlns=\"http:\/\/www.w3.org\/2000\/svg\" viewbox=\"0 0 8 12\">\n                \t<path d=\"M.59 10.59 5.17 6 .59 1.41 2 0l6 6-6 6-1.41-1.41Z\" \/>\n              \t<\/svg>\n              <\/div>\n          \t      <\/button>\n      <\/h3>\n      <div role=\"region\" aria-labelledby=\"bde-faq-113-button-3\" id=\"bde-faq-113-3\" class=\"bde-faq__answer\">\n        <div class=\"bde-faq__answer-content\">\n            <div class=\"breakdance-rich-text-styles\"><p><span style=\"font-weight: 400;\">Rok isporuke zavisi od dostupnosti modela i trenutnog stanja zaliha. Nakon potvrde porud\u017ebine dobi\u0107ete sve potrebne informacije o preuzimanju i isporuci vozila.<\/span><\/p><\/div>\n\n                    <\/div>\n      <\/div>\n    <\/div>\n      <div class=\"bde-faq__item\">\n      <h3 class=\"bde-faq__title-tag\">\n       <button id=\"bde-faq-113-button-4\" aria-expanded=\"false\" aria-controls=\"bde-faq-113-4\" class=\"bde-faq__question js-faq-item\">\n          <span class=\"bde-faq__title\">Da li obezbe\u0111ujete podr\u0161ku nakon kupovine?<\/span>\n                           <div aria-hidden=\"true\" class=\"bde-faq__icon bde-faq__icon--rotate\">\n                 <svg fill=\"none\" xmlns=\"http:\/\/www.w3.org\/2000\/svg\" viewbox=\"0 0 8 12\">\n                \t<path d=\"M.59 10.59 5.17 6 .59 1.41 2 0l6 6-6 6-1.41-1.41Z\" \/>\n              \t<\/svg>\n              <\/div>\n          \t      <\/button>\n      <\/h3>\n      <div role=\"region\" aria-labelledby=\"bde-faq-113-button-4\" id=\"bde-faq-113-4\" class=\"bde-faq__answer\">\n        <div class=\"bde-faq__answer-content\">\n            <div class=\"breakdance-rich-text-styles\"><p><span style=\"font-weight: 400;\">Da. Na\u0161 odnos sa kupcima se ne zavr\u0161ava prodajom vozila. Uvek smo vam na raspolaganju za savete, tehni\u010dku podr\u0161ku i sve informacije u vezi sa odr\u017eavanjem va\u0161eg vozila.<\/span><\/p><\/div>\n\n                    <\/div>\n      <\/div>\n    <\/div>\n  \n<\/div>\n<\/div><div class=\"bde-div-68-114 bde-div\">\n  \n  \n\t\n\n\n\n<h2 class=\"bde-heading-68-115 bde-heading\">\nUpotreba i oprema\n<\/h2><div class=\"bde-frequently-asked-questions-68-116 bde-frequently-asked-questions\">\n      <div class=\"bde-faq__item\">\n      <h3 class=\"bde-faq__title-tag\">\n       <button id=\"bde-faq-116-button-1\" aria-expanded=\"false\" aria-controls=\"bde-faq-116-1\" class=\"bde-faq__question js-faq-item\">\n          <span class=\"bde-faq__title\">Da li su vozila namenjena samo rekreaciji ili i radu?<\/span>\n                           <div aria-hidden=\"true\" class=\"bde-faq__icon bde-faq__icon--rotate\">\n                 <svg fill=\"none\" xmlns=\"http:\/\/www.w3.org\/2000\/svg\" viewbox=\"0 0 8 12\">\n                \t<path d=\"M.59 10.59 5.17 6 .59 1.41 2 0l6 6-6 6-1.41-1.41Z\" \/>\n              \t<\/svg>\n              <\/div>\n          \t      <\/button>\n      <\/h3>\n      <div role=\"region\" aria-labelledby=\"bde-faq-116-button-1\" id=\"bde-faq-116-1\" class=\"bde-faq__answer\">\n        <div class=\"bde-faq__answer-content\">\n            <div class=\"breakdance-rich-text-styles\"><p><span style=\"font-weight: 400;\">Terenska vozila mogu se koristiti i za rekreaciju i za posao. Zahvaljuju\u0107i sna\u017enom pogonu i izdr\u017eljivoj konstrukciji pogodna su za razli\u010dite vrste terena i zadataka.<\/span><\/p><\/div>\n\n                    <\/div>\n      <\/div>\n    <\/div>\n      <div class=\"bde-faq__item\">\n      <h3 class=\"bde-faq__title-tag\">\n       <button id=\"bde-faq-116-button-2\" aria-expanded=\"false\" aria-controls=\"bde-faq-116-2\" class=\"bde-faq__question js-faq-item\">\n          <span class=\"bde-faq__title\">Da li vozila mogu da se koriste tokom cele godine?<br><\/span>\n                           <div aria-hidden=\"true\" class=\"bde-faq__icon bde-faq__icon--rotate\">\n                 <svg fill=\"none\" xmlns=\"http:\/\/www.w3.org\/2000\/svg\" viewbox=\"0 0 8 12\">\n                \t<path d=\"M.59 10.59 5.17 6 .59 1.41 2 0l6 6-6 6-1.41-1.41Z\" \/>\n              \t<\/svg>\n              <\/div>\n          \t      <\/button>\n      <\/h3>\n      <div role=\"region\" aria-labelledby=\"bde-faq-116-button-2\" id=\"bde-faq-116-2\" class=\"bde-faq__answer\">\n        <div class=\"bde-faq__answer-content\">\n            <div class=\"breakdance-rich-text-styles\"><p><span style=\"font-weight: 400;\">Da. Vozila su konstruisana za upotrebu u razli\u010ditim vremenskim uslovima, uklju\u010duju\u0107i ki\u0161u, blato, sneg i zahtevne terene.<\/span><\/p><\/div>\n\n                    <\/div>\n      <\/div>\n    <\/div>\n      <div class=\"bde-faq__item\">\n      <h3 class=\"bde-faq__title-tag\">\n       <button id=\"bde-faq-116-button-3\" aria-expanded=\"false\" aria-controls=\"bde-faq-116-3\" class=\"bde-faq__question js-faq-item\">\n          <span class=\"bde-faq__title\">Da li postoji dodatna oprema za vozila?<\/span>\n                           <div aria-hidden=\"true\" class=\"bde-faq__icon bde-faq__icon--rotate\">\n                 <svg fill=\"none\" xmlns=\"http:\/\/www.w3.org\/2000\/svg\" viewbox=\"0 0 8 12\">\n                \t<path d=\"M.59 10.59 5.17 6 .59 1.41 2 0l6 6-6 6-1.41-1.41Z\" \/>\n              \t<\/svg>\n              <\/div>\n          \t      <\/button>\n      <\/h3>\n      <div role=\"region\" aria-labelledby=\"bde-faq-116-button-3\" id=\"bde-faq-116-3\" class=\"bde-faq__answer\">\n        <div class=\"bde-faq__answer-content\">\n            <div class=\"breakdance-rich-text-styles\"><p><span style=\"font-weight: 400;\">Da. Dostupna je razli\u010dita dodatna oprema koja mo\u017ee pobolj\u0161ati funkcionalnost i prilagoditi vozilo va\u0161im potrebama.<\/span><\/p><\/div>\n\n                    <\/div>\n      <\/div>\n    <\/div>\n      <div class=\"bde-faq__item\">\n      <h3 class=\"bde-faq__title-tag\">\n       <button id=\"bde-faq-116-button-4\" aria-expanded=\"false\" aria-controls=\"bde-faq-116-4\" class=\"bde-faq__question js-faq-item\">\n          <span class=\"bde-faq__title\">Da li vozila imaju garanciju?<br><\/span>\n                           <div aria-hidden=\"true\" class=\"bde-faq__icon bde-faq__icon--rotate\">\n                 <svg fill=\"none\" xmlns=\"http:\/\/www.w3.org\/2000\/svg\" viewbox=\"0 0 8 12\">\n                \t<path d=\"M.59 10.59 5.17 6 .59 1.41 2 0l6 6-6 6-1.41-1.41Z\" \/>\n              \t<\/svg>\n              <\/div>\n          \t      <\/button>\n      <\/h3>\n      <div role=\"region\" aria-labelledby=\"bde-faq-116-button-4\" id=\"bde-faq-116-4\" class=\"bde-faq__answer\">\n        <div class=\"bde-faq__answer-content\">\n            <div class=\"breakdance-rich-text-styles\"><p><span style=\"font-weight: 400;\">Za ve\u0107inu modela obezbe\u0111ena je fabri\u010dka garancija koja pokriva odre\u0111ene komponente vozila.<\/span><\/p><\/div>\n\n                    <\/div>\n      <\/div>\n    <\/div>\n      <div class=\"bde-faq__item\">\n      <h3 class=\"bde-faq__title-tag\">\n       <button id=\"bde-faq-116-button-5\" aria-expanded=\"false\" aria-controls=\"bde-faq-116-5\" class=\"bde-faq__question js-faq-item\">\n          <span class=\"bde-faq__title\">Kako mogu saznati vi\u0161e o tehni\u010dkim specifikacijama?<\/span>\n                           <div aria-hidden=\"true\" class=\"bde-faq__icon bde-faq__icon--rotate\">\n                 <svg fill=\"none\" xmlns=\"http:\/\/www.w3.org\/2000\/svg\" viewbox=\"0 0 8 12\">\n                \t<path d=\"M.59 10.59 5.17 6 .59 1.41 2 0l6 6-6 6-1.41-1.41Z\" \/>\n              \t<\/svg>\n              <\/div>\n          \t      <\/button>\n      <\/h3>\n      <div role=\"region\" aria-labelledby=\"bde-faq-116-button-5\" id=\"bde-faq-116-5\" class=\"bde-faq__answer\">\n        <div class=\"bde-faq__answer-content\">\n            <div class=\"breakdance-rich-text-styles\"><p><span style=\"font-weight: 400;\">Sve tehni\u010dke informacije dostupne su na stranici proizvoda ili ih mo\u017eete dobiti od na\u0161eg prodajnog tima.<\/span><\/p><\/div>\n\n                    <\/div>\n      <\/div>\n    <\/div>\n  \n<\/div>\n<\/div><div class=\"bde-div-68-117 bde-div\">\n  \n  \n\t\n\n\n\n<h2 class=\"bde-heading-68-118 bde-heading\">\nVo\u017enja i bezbednost\n<\/h2><div class=\"bde-frequently-asked-questions-68-119 bde-frequently-asked-questions\">\n      <div class=\"bde-faq__item\">\n      <h3 class=\"bde-faq__title-tag\">\n       <button id=\"bde-faq-119-button-1\" aria-expanded=\"false\" aria-controls=\"bde-faq-119-1\" class=\"bde-faq__question js-faq-item\">\n          <span class=\"bde-faq__title\">Koliko je jednostavno upravljanje terenskim vozilom?<\/span>\n                           <div aria-hidden=\"true\" class=\"bde-faq__icon bde-faq__icon--rotate\">\n                 <svg fill=\"none\" xmlns=\"http:\/\/www.w3.org\/2000\/svg\" viewbox=\"0 0 8 12\">\n                \t<path d=\"M.59 10.59 5.17 6 .59 1.41 2 0l6 6-6 6-1.41-1.41Z\" \/>\n              \t<\/svg>\n              <\/div>\n          \t      <\/button>\n      <\/h3>\n      <div role=\"region\" aria-labelledby=\"bde-faq-119-button-1\" id=\"bde-faq-119-1\" class=\"bde-faq__answer\">\n        <div class=\"bde-faq__answer-content\">\n            <div class=\"breakdance-rich-text-styles\"><p><span style=\"font-weight: 400;\">Upravljanje je jednostavno i prilago\u0111eno voza\u010du. Komande su intuitivne, \u0161to omogu\u0107ava sigurnu i stabilnu vo\u017enju.<\/span><\/p><\/div>\n\n                    <\/div>\n      <\/div>\n    <\/div>\n      <div class=\"bde-faq__item\">\n      <h3 class=\"bde-faq__title-tag\">\n       <button id=\"bde-faq-119-button-2\" aria-expanded=\"false\" aria-controls=\"bde-faq-119-2\" class=\"bde-faq__question js-faq-item\">\n          <span class=\"bde-faq__title\">Da li vozila mogu da se koriste za avanturisti\u010dke ture?<br><\/span>\n                           <div aria-hidden=\"true\" class=\"bde-faq__icon bde-faq__icon--rotate\">\n                 <svg fill=\"none\" xmlns=\"http:\/\/www.w3.org\/2000\/svg\" viewbox=\"0 0 8 12\">\n                \t<path d=\"M.59 10.59 5.17 6 .59 1.41 2 0l6 6-6 6-1.41-1.41Z\" \/>\n              \t<\/svg>\n              <\/div>\n          \t      <\/button>\n      <\/h3>\n      <div role=\"region\" aria-labelledby=\"bde-faq-119-button-2\" id=\"bde-faq-119-2\" class=\"bde-faq__answer\">\n        <div class=\"bde-faq__answer-content\">\n            <div class=\"breakdance-rich-text-styles\"><p><span style=\"font-weight: 400;\">Da. Terenska vozila su idealna za istra\u017eivanje prirode i avanturisti\u010dke vo\u017enje.<\/span><\/p><\/div>\n\n                    <\/div>\n      <\/div>\n    <\/div>\n      <div class=\"bde-faq__item\">\n      <h3 class=\"bde-faq__title-tag\">\n       <button id=\"bde-faq-119-button-3\" aria-expanded=\"false\" aria-controls=\"bde-faq-119-3\" class=\"bde-faq__question js-faq-item\">\n          <span class=\"bde-faq__title\">Da li vozila imaju sna\u017ene ko\u010dione sisteme?<\/span>\n                           <div aria-hidden=\"true\" class=\"bde-faq__icon bde-faq__icon--rotate\">\n                 <svg fill=\"none\" xmlns=\"http:\/\/www.w3.org\/2000\/svg\" viewbox=\"0 0 8 12\">\n                \t<path d=\"M.59 10.59 5.17 6 .59 1.41 2 0l6 6-6 6-1.41-1.41Z\" \/>\n              \t<\/svg>\n              <\/div>\n          \t      <\/button>\n      <\/h3>\n      <div role=\"region\" aria-labelledby=\"bde-faq-119-button-3\" id=\"bde-faq-119-3\" class=\"bde-faq__answer\">\n        <div class=\"bde-faq__answer-content\">\n            <div class=\"breakdance-rich-text-styles\"><p><span style=\"font-weight: 400;\">Da. Ko\u010dioni sistemi su projektovani da pru\u017ee sigurnu i stabilnu kontrolu vozila.<\/span><\/p><\/div>\n\n                    <\/div>\n      <\/div>\n    <\/div>\n      <div class=\"bde-faq__item\">\n      <h3 class=\"bde-faq__title-tag\">\n       <button id=\"bde-faq-119-button-4\" aria-expanded=\"false\" aria-controls=\"bde-faq-119-4\" class=\"bde-faq__question js-faq-item\">\n          <span class=\"bde-faq__title\">Kako mogu dobiti vi\u0161e informacija o vozilima?<\/span>\n                           <div aria-hidden=\"true\" class=\"bde-faq__icon bde-faq__icon--rotate\">\n                 <svg fill=\"none\" xmlns=\"http:\/\/www.w3.org\/2000\/svg\" viewbox=\"0 0 8 12\">\n                \t<path d=\"M.59 10.59 5.17 6 .59 1.41 2 0l6 6-6 6-1.41-1.41Z\" \/>\n              \t<\/svg>\n              <\/div>\n          \t      <\/button>\n      <\/h3>\n      <div role=\"region\" aria-labelledby=\"bde-faq-119-button-4\" id=\"bde-faq-119-4\" class=\"bde-faq__answer\">\n        <div class=\"bde-faq__answer-content\">\n            <div class=\"breakdance-rich-text-styles\"><p><span style=\"font-weight: 400;\">Sve dodatne informacije mo\u017eete dobiti putem na\u0161e kontakt forme ili direktno od prodajnog tima.<\/span><\/p><\/div>\n\n                    <\/div>\n      <\/div>\n    <\/div>\n  \n<\/div>\n<\/div><\/div>\n<\/section><section class=\"bde-section-68-121 bde-section\">\n  \n  \n\t\n\n\n\n<div class=\"section-container\"><div class=\"bde-div-68-122 bde-div\">\n  \n  \n\t\n\n\n\n<h2 class=\"bde-heading-68-123 bde-heading\">\nPremium kvalitet\n<\/h2><div class=\"bde-text-68-124 bde-text\">\nSWM vozila izra\u0111ena su prema najvi\u0161im evropskim standardima, uz kontrolu kvaliteta u svakom segmentu proizvodnje. Kori\u0161\u0107enje vrhunskih materijala i precizna izrada garantuju dug vek trajanja i pouzdan rad u svim uslovima.\n<\/div><div class=\"bde-code-block-68-125 bde-code-block\">\n\n  <svg width=\"174\" height=\"234\" viewbox=\"0 0 174 234\" fill=\"none\" xmlns=\"http:\/\/www.w3.org\/2000\/svg\">\n<path d=\"M5.63433 237C-12.3552 237 -26.125 231.889 -35.675 221.667C-45.225 211.444 -50 197 -50 178.333V55.6667C-50 37 -45.225 22.5556 -35.675 12.3333C-26.125 2.11111 -12.3552 -3 5.63433 -3C23.6239 -3 37.3936 2.11111 46.9436 12.3333C56.4936 22.5556 61.2687 37 61.2687 55.6667V178.333C61.2687 197 56.4936 211.444 46.9436 221.667C37.3936 231.889 23.6239 237 5.63433 237ZM5.63433 203.667C18.2936 203.667 24.6233 196 24.6233 180.667V53.3333C24.6233 38 18.2936 30.3333 5.63433 30.3333C-7.02498 30.3333 -13.3546 38 -13.3546 53.3333V180.667C-13.3546 196 -7.02498 203.667 5.63433 203.667Z\" fill=\"white\" fill-opacity=\"0.18\"\/>\n<path d=\"M137.355 55.6667H99.0436V29.6667C109.482 29.6667 117.81 28.7778 124.029 27C130.47 25.2222 135.578 22.3333 139.353 18.3333C143.129 14.1111 146.46 8.11111 149.348 0.33333H174V233.667H137.355V55.6667Z\" fill=\"white\" fill-opacity=\"0.18\"\/>\n<\/svg>\n\n\n\n<\/div>\n<\/div><div class=\"bde-div-68-126 bde-div\">\n  \n  \n\t\n\n\n\n<h2 class=\"bde-heading-68-127 bde-heading\">\nSnaga i izdr\u017eljivost\n<\/h2><div class=\"bde-text-68-128 bde-text\">\nSna\u017eni motori i robusna konstrukcija omogu\u0107avaju maksimalne performanse na svim terenima. Bez obzira na uslove, SWM vozila pru\u017eaju stabilnost, izdr\u017eljivost i konstantnu snagu.\n<\/div><div class=\"bde-code-block-68-129 bde-code-block\">\n\n  <svg width=\"197\" height=\"234\" viewbox=\"0 0 197 234\" fill=\"none\" xmlns=\"http:\/\/www.w3.org\/2000\/svg\">\n<path d=\"M5.39506 237C-12.8405 237 -26.7985 231.889 -36.4791 221.667C-46.1597 211.444 -51 197 -51 178.333V55.6667C-51 37 -46.1597 22.5556 -36.4791 12.3333C-26.7985 2.11111 -12.8405 -3 5.39506 -3C23.6306 -3 37.5886 2.11111 47.2692 12.3333C56.9498 22.5556 61.7901 37 61.7901 55.6667V178.333C61.7901 197 56.9498 211.444 47.2692 221.667C37.5886 231.889 23.6306 237 5.39506 237ZM5.39506 203.667C18.2275 203.667 24.6437 196 24.6437 180.667V53.3333C24.6437 38 18.2275 30.3333 5.39506 30.3333C-7.43735 30.3333 -13.8536 38 -13.8536 53.3333V180.667C-13.8536 196 -7.43735 203.667 5.39506 203.667Z\" fill=\"white\" fill-opacity=\"0.18\"\/>\n<path d=\"M86.2361 208.333C86.2361 191.667 88.9376 177.444 94.3407 165.667C99.7439 153.667 109.424 140.444 123.383 126C137.115 111.556 146.571 99.2222 151.749 89C157.152 78.7778 159.854 68.1111 159.854 57C159.854 47 158.165 40.1111 154.788 36.3333C151.636 32.3333 146.909 30.3333 140.605 30.3333C127.773 30.3333 121.356 38 121.356 53.3333V78.3333H86.2361V55.6667C86.2361 36.7778 90.9638 22.3333 100.419 12.3333C109.875 2.11111 123.608 -3 141.618 -3C159.628 -3 173.361 2.11111 182.817 12.3333C192.272 22.3333 197 36.7778 197 55.6667C197 69.8889 193.51 83.7778 186.531 97.3333C179.778 110.889 167.958 126.444 151.073 144C140.042 155.556 132.613 165 128.786 172.333C124.958 179.444 123.045 187.111 123.045 195.333V200.333H193.623V233.667H86.2361V208.333Z\" fill=\"white\" fill-opacity=\"0.18\"\/>\n<\/svg>\n\n\n\n<\/div>\n<\/div><div class=\"bde-div-68-130 bde-div\">\n  \n  \n\t\n\n\n\n<h2 class=\"bde-heading-68-131 bde-heading\">\nVisoka pouzdanost\n<\/h2><div class=\"bde-text-68-132 bde-text\">\nRazvijena uz napredne in\u017eenjerske procese i testirana prema globalnim standardima, SWM vozila obezbe\u0111uju pouzdan rad bez kompromisa. Fokus na detalje garantuje sigurnu i dugoro\u010dnu upotrebu.\n<\/div><div class=\"bde-code-block-68-133 bde-code-block\">\n\n  <svg width=\"190\" height=\"234\" viewbox=\"0 0 190 234\" fill=\"none\" xmlns=\"http:\/\/www.w3.org\/2000\/svg\">\n<path d=\"M2.71324 240C-15.3018 240 -29.0911 234.889 -38.6547 224.667C-48.2182 214.444 -53 200 -53 181.333V58.6667C-53 40 -48.2182 25.5556 -38.6547 15.3333C-29.0911 5.11111 -15.3018 0 2.71324 0C20.7283 0 34.5176 5.11111 44.0812 15.3333C53.6447 25.5556 58.4265 40 58.4265 58.6667V181.333C58.4265 200 53.6447 214.444 44.0812 224.667C34.5176 234.889 20.7283 240 2.71324 240ZM2.71324 206.667C15.3905 206.667 21.7291 199 21.7291 183.667V56.3333C21.7291 41 15.3905 33.3333 2.71324 33.3333C-9.96402 33.3333 -16.3027 41 -16.3027 56.3333V183.667C-16.3027 199 -9.96402 206.667 2.71324 206.667Z\" fill=\"white\" fill-opacity=\"0.18\"\/>\n<path d=\"M135.288 240C117.273 240 103.594 235 94.2533 225C85.1346 215 80.5752 200.667 80.5752 182V163H115.271V183.667C115.271 199 121.609 206.667 134.287 206.667C140.514 206.667 145.185 204.778 148.298 201C151.635 197 153.303 190.111 153.303 180.333V161.333C153.303 150.667 151.412 143.111 147.631 138.667C143.85 134 137.734 131.667 129.283 131.667H116.939V98.3333H130.283C137.623 98.3333 143.072 96.4444 146.63 92.6667C150.411 88.8889 152.302 82.5556 152.302 73.6667V56.6667C152.302 48.6667 150.634 42.7778 147.298 39C143.962 35.2222 139.513 33.3333 133.953 33.3333C122.166 33.3333 116.272 40.5556 116.272 55V70.3333H81.576V58C81.576 39.3333 86.1354 25 95.2541 15C104.595 5 117.94 0 135.288 0C152.858 0 166.202 5 175.321 15C184.44 24.7778 188.999 39 188.999 57.6667V66C188.999 78.6667 186.886 88.8889 182.661 96.6667C178.435 104.222 171.874 109.667 162.977 113V113.667C172.541 117.222 179.436 123 183.661 131C187.887 139 190 149.222 190 161.667V182.333C190 201 185.329 215.333 175.988 225.333C166.87 235.111 153.303 240 135.288 240Z\" fill=\"white\" fill-opacity=\"0.18\"\/>\n<\/svg>\n\n\n\n<\/div>\n<\/div><div class=\"bde-div-68-134 bde-div\">\n  \n  \n\t\n\n\n\n<h2 class=\"bde-heading-68-135 bde-heading\">\nSigurnost pre svega\n<\/h2><div class=\"bde-text-68-136 bde-text\">\nSigurnost je prioritet u svakom aspektu dizajna. Napredni sistemi kontrole i stabilnosti, zajedno sa kvalitetnom izradom, pru\u017eaju maksimalnu za\u0161titu voza\u010da i putnika.\n<\/div><div class=\"bde-code-block-68-137 bde-code-block\">\n\n  <svg width=\"201\" height=\"234\" viewbox=\"0 0 201 234\" fill=\"none\" xmlns=\"http:\/\/www.w3.org\/2000\/svg\">\n<path d=\"M1.6709 239C-16.6538 239 -30.6802 233.804 -40.4081 223.411C-50.136 213.019 -55 198.333 -55 179.356V54.6444C-55 35.6667 -50.136 20.9815 -40.4081 10.5889C-30.6802 0.196296 -16.6538 -5 1.6709 -5C19.9956 -5 34.022 0.196296 43.7499 10.5889C53.4778 20.9815 58.3418 35.6667 58.3418 54.6444V179.356C58.3418 198.333 53.4778 213.019 43.7499 223.411C34.022 233.804 19.9956 239 1.6709 239ZM1.6709 205.111C14.5661 205.111 21.0137 197.317 21.0137 181.728V52.2722C21.0137 36.6833 14.5661 28.8889 1.6709 28.8889C-11.2243 28.8889 -17.6719 36.6833 -17.6719 52.2722V181.728C-17.6719 197.317 -11.2243 205.111 1.6709 205.111Z\" fill=\"white\" fill-opacity=\"0.18\"\/>\n<path d=\"M146.026 192.572H74.763V158.683L142.632 -1.61111H183.354V158.683H201V192.572H183.354V235.611H146.026V192.572ZM146.026 158.683V66.1667H145.347L108.698 158.683H146.026Z\" fill=\"white\" fill-opacity=\"0.18\"\/>\n<\/svg>\n\n\n\n<\/div>\n<\/div><\/div>\n<\/section>","protected":false},"excerpt":{"rendered":"<p>ODGOVORI NA SVAVA\u0160A PITANJA Imate jo\u0161 pitanja? Kupovina i isporuka Kako mogu da poru\u010dim vozilo preko sajta? Porud\u017ebinu mo\u017eete zapo\u010deti direktno na stranici proizvoda ili kontaktiranjem na\u0161eg prodajnog tima. Nakon potvrde porud\u017ebine dobi\u0107ete sve informacije o daljim koracima i isporuci. Kako da izaberem vozilo koje odgovara mojim potrebama? Na\u0161 prodajni tim pomo\u0107i \u0107e vam da [&hellip;]<\/p>\n","protected":false},"author":1,"featured_media":298,"parent":0,"menu_order":0,"comment_status":"closed","ping_status":"closed","template":"","meta":{"_breakdance_hide_in_design_set":false,"_breakdance_tags":"","footnotes":""},"class_list":["post-68","page","type-page","status-publish","has-post-thumbnail","hentry"],"_links":{"self":[{"href":"https:\/\/swm-powersports.rs\/me\/wp-json\/wp\/v2\/pages\/68","targetHints":{"allow":["GET"]}}],"collection":[{"href":"https:\/\/swm-powersports.rs\/me\/wp-json\/wp\/v2\/pages"}],"about":[{"href":"https:\/\/swm-powersports.rs\/me\/wp-json\/wp\/v2\/types\/page"}],"author":[{"embeddable":true,"href":"https:\/\/swm-powersports.rs\/me\/wp-json\/wp\/v2\/users\/1"}],"replies":[{"embeddable":true,"href":"https:\/\/swm-powersports.rs\/me\/wp-json\/wp\/v2\/comments?post=68"}],"version-history":[{"count":5,"href":"https:\/\/swm-powersports.rs\/me\/wp-json\/wp\/v2\/pages\/68\/revisions"}],"predecessor-version":[{"id":357,"href":"https:\/\/swm-powersports.rs\/me\/wp-json\/wp\/v2\/pages\/68\/revisions\/357"}],"wp:featuredmedia":[{"embeddable":true,"href":"https:\/\/swm-powersports.rs\/me\/wp-json\/wp\/v2\/media\/298"}],"wp:attachment":[{"href":"https:\/\/swm-powersports.rs\/me\/wp-json\/wp\/v2\/media?parent=68"}],"curies":[{"name":"wp","href":"https:\/\/api.w.org\/{rel}","templated":true}]}}